{"id":99,"date":"2021-05-19T07:46:15","date_gmt":"2021-05-19T07:46:15","guid":{"rendered":"http:\/\/urbonavici.us\/?page_id=99"},"modified":"2021-05-19T07:46:15","modified_gmt":"2021-05-19T07:46:15","slug":"apie-piktaja-pamote-butleriene","status":"publish","type":"page","link":"https:\/\/urbonavici.us\/index.php\/apie-piktaja-pamote-butleriene\/","title":{"rendered":"Apie pikt\u0105j\u0105 pamot\u0119 Butlerien\u0119"},"content":{"rendered":"\n<p>Paprastai prisimenant Prien\u0173 seni\u016bnijos ir Marijampol\u0117s miesto istorij\u0105, apie Butlerienes ir j\u0173 darbus \u0161iam kra\u0161tui, ra\u0161omi tik geri \u017eod\u017eiai. Tai tinka Prien\u0173 seni\u016bno, grafo &nbsp;Gotardo Vilhelmo Butlerio \u017emonai Konstancijai Vodinskytei, nuveikusiai daug reik\u0161ming\u0173 darb\u0173 skatinant seni\u016bnijos ekonomin\u0119 veikl\u0105 kartu su vyru per dvylika bendr\u0173 1649-1661 gyvenimo&nbsp; met\u0173, o v\u0117liau, likus na\u0161le, vienos&nbsp; iki 1676 met\u0173, &nbsp;arba kitai Butlerienei -Pranci\u0161kai \u0160\u010diukaitei Staropol\u0117s -Marijampol\u0117s k\u016br\u0117jai, Marko Antonijaus Butlerio \u017emonai,&nbsp; kurios atliktiems darbams XVIII a. apra\u0161yti reikt\u0173 nema\u017eo ra\u0161inio.<\/p>\n\n\n\n<p>Tik \u0161\u012f kart\u0105 prisiminsim \u201eblog\u0105j\u0105\u201c Butlerien\u0119: paskutiniojo Prien\u0173 seni\u016bno grafo Mykolo Butlerio antr\u0105j\u0105 \u017emon\u0105 Marian\u0105 Markovsk\u0105. Pirmoji Mykolo \u017emona Benedikta Pacait\u0117 Butlerien\u0117 mir\u0117 1765 m. liepos 6 d. palikdama na\u0161laite ma\u017e\u0105 dukrel\u0119, anytos garbei pavadinta Pranci\u0161kos vardu. Marijon\u0173 vienuoli\u0173 kronikoje lik\u0119s \u012fra\u0161as, kad Butleriui mirus <em>\u201edid\u017eiuliai sambr\u016bzd\u017eiai kilo tarp kunigaik\u0161\u010di\u0173 Radvil\u0173 ir seni\u016bnien\u0117s d\u0117l g\u0117rybi\u0173, paveldo ir pasog\u0173. Kunigaik\u0161\u010diai atva\u017eiavo pasogos, bet i\u0161 to prasid\u0117jo bylos su Seni\u016bniene, kuriai iki gyvos galvos buvo u\u017era\u0161ytos visos g\u0117ryb\u0117s ir visas pasilik\u0119s kilnojamas turtas.\u201c<\/em> Ir dar vienuoliai ra\u0161o, kas grafas Butleris ved\u0117 Markovska \u201e<em>clandestine<\/em>\u201c (tai yra \u201epaslap\u010dia\u201c) ir Lietuvoje apie tai nebuvo \u017einoma. Kult\u016bros istorik\u0117 Gra\u017eina Marija Martinaitien\u0117 mano, kad \u0161i santuoka buvo nelygiavert\u0117 ir grafo artimiesiems buvo nepageidaujama. &nbsp;&nbsp;<\/p>\n\n\n\n<p>Taigi, 1782 m. prad\u017eioje mirus Mykolui Butleriui &nbsp;seni\u016bnija, kaip ir buvo numatyta dar 1775 m., atiteko artilerijos generolui Kazimierui Nestorui Sapiegai. Ta\u010diau liko daug kilnojamo ir nekilnojamo Butleri\u0173 turto tos gimin\u0117s priva\u010diose valdose ir visas g\u0117rybes paveld\u0117jo Mykolo na\u0161l\u0117, antroji jo \u017emona Mariana Markovska Butlerien\u0117. &nbsp;Dar prie\u0161 tai- 1779 metais jai iki gyvos galvos buvo u\u017era\u0161yta Pramed\u017eio (Promiezie) valda su dvaru ir kitais priklausiniais, <em>(apie Pramez\u012f 1986 metais ra\u0161\u0117 Algimantas Mi\u0161kinis ir Algirdas Baliulis straipsnyje \u201eI\u0161nyk\u0119 Lietuvos miestai ir miesteliai\u201c)<\/em> \u0160is miestelis pretendavo tapti nema\u017eu miestu, bet labai smarkiai nukent\u0117jo per XVII a. vidurio kar\u0105- buvo apipl\u0117\u0161tas ir sudegintas. Vis d\u0117l to dar XVIII a. pabaigoje -1794 m. i\u0161 \u0161ios valdos M. Markovska Butlerien\u0117 gaudavo nema\u017e\u0173 pajam\u0173, nes Pramed\u017eio&nbsp; dvaras su kaimais ir mal\u016bnais viso tur\u0117jo 94 d\u016bmus (namus, sodybas) per metus mokantis 846 auksinus mokes\u010di\u0173. Palyginimui tais metais Marijampol\u0117s mieste buvo 120 d\u016bm\u0173 ir mok\u0117jo 562 auksinus metinio mokes\u010dio. Jai taip pat&nbsp; atiteko Vaizb\u016bni\u0161ki\u0173 dvaras su kaimais (Bartnink\u0173 parapijoje)su 30 d\u016bm\u0173, Siponi\u0173 dvaras (Punios parapijoje) su 29 d\u016bmais. Negana to, 1792 m. sausio 28 d. M. Butlerien\u0117 i\u0161 Juozo Stravinsko u\u017e 3000 auksin\u0173 nupirko vald\u0105 esan\u010dia Kauno pavieto Panemun\u0117s apylink\u0117se, Punios parapijoje.<\/p>\n\n\n\n<p>Prien\u0173 seni\u016bno Mykolo Butlerio dukra i\u0161 pirmosios santuokos Pranci\u0161ka Butleryt\u0117 1778 metais i\u0161tek\u0117jo u\u017e karali\u0161kosios gvardijos generolo majoro Jurgio Radvilos, o \u0161iam mirus antr\u0105 kart i\u0161tek\u0117jo u\u017e tos pa\u010dios gimin\u0117s atstovo majoro leitenanto ir Lietuvos Did\u017eiosios Kunigaik\u0161tyst\u0117s gvardijos vado Mykolo Radvilos. Kaip ra\u0161o G. M. Martinaitien\u0117, po daugyb\u0117s peripetij\u0173 karali\u0161kasis tribunolas Liubline patenkino Radvil\u0173 apeliacij\u0105 ir \u012fpareigojo pamot\u0119 atiduoti sutart\u0105 kunigai\u0161tien\u0117s Pranci\u0161kos pasog\u0105.<\/p>\n\n\n\n<p>Su antraja \u017emona M. Markovska grafas Mykolas Butleris sugyveno du s\u016bnus-Jon\u0105 ir Antan\u0105 ir dukter\u012f Juzefa, kuri\u0173 veikla su Lietuva jau beveik nesusijusi.<\/p>\n","protected":false},"excerpt":{"rendered":"<p>Paprastai prisimenant Prien\u0173 seni\u016bnijos ir Marijampol\u0117s miesto istorij\u0105, apie Butlerienes ir j\u0173 darbus \u0161iam kra\u0161tui, ra\u0161omi tik geri \u017eod\u017eiai. Tai tinka Prien\u0173 seni\u016bno, grafo &nbsp;Gotardo Vilhelmo Butlerio \u017emonai Konstancijai Vodinskytei, nuveikusiai daug reik\u0161ming\u0173 darb\u0173 skatinant seni\u016bnijos ekonomin\u0119 veikl\u0105 kartu su vyru per dvylika bendr\u0173 1649-1661 gyvenimo&nbsp; met\u0173, o v\u0117liau, likus na\u0161le, vienos&nbsp; iki 1676 met\u0173, &hellip; <\/p>\n","protected":false},"author":1,"featured_media":0,"parent":0,"menu_order":0,"comment_status":"closed","ping_status":"closed","template":"","meta":{"om_disable_all_campaigns":false,"_monsterinsights_skip_tracking":false,"_monsterinsights_sitenote_active":false,"_monsterinsights_sitenote_note":"","_monsterinsights_sitenote_category":0},"_links":{"self":[{"href":"https:\/\/urbonavici.us\/index.php\/wp-json\/wp\/v2\/pages\/99"}],"collection":[{"href":"https:\/\/urbonavici.us\/index.php\/wp-json\/wp\/v2\/pages"}],"about":[{"href":"https:\/\/urbonavici.us\/index.php\/wp-json\/wp\/v2\/types\/page"}],"author":[{"embeddable":true,"href":"https:\/\/urbonavici.us\/index.php\/wp-json\/wp\/v2\/users\/1"}],"replies":[{"embeddable":true,"href":"https:\/\/urbonavici.us\/index.php\/wp-json\/wp\/v2\/comments?post=99"}],"version-history":[{"count":1,"href":"https:\/\/urbonavici.us\/index.php\/wp-json\/wp\/v2\/pages\/99\/revisions"}],"predecessor-version":[{"id":100,"href":"https:\/\/urbonavici.us\/index.php\/wp-json\/wp\/v2\/pages\/99\/revisions\/100"}],"wp:attachment":[{"href":"https:\/\/urbonavici.us\/index.php\/wp-json\/wp\/v2\/media?parent=99"}],"curies":[{"name":"wp","href":"https:\/\/api.w.org\/{rel}","templated":true}]}}