{"id":96,"date":"2021-05-14T06:02:12","date_gmt":"2021-05-14T06:02:12","guid":{"rendered":"http:\/\/urbonavici.us\/?page_id=96"},"modified":"2021-05-14T06:02:13","modified_gmt":"2021-05-14T06:02:13","slug":"kaip-marijampolieciai-elektrine-isigijo-2","status":"publish","type":"page","link":"https:\/\/urbonavici.us\/index.php\/kaip-marijampolieciai-elektrine-isigijo-2\/","title":{"rendered":"Kaip marijampolie\u010diai elektrin\u0119 \u012fsigijo"},"content":{"rendered":"\n<p>Be elektros dabar sunkiai \u012fsivaizduotum\u0117m savo gyvenim\u0105. Elektra, tai ne tik \u0161viesa, bet kaip energetikai sako- gamykl\u0173 duona. Miesto gyventojai pirm\u0105 kart\u0105 pamat\u0117 \u0161vie\u010dian\u010di\u0105 lemput\u0119 Marijampol\u0117je tik 1916 metais, kai mieste elektrin\u0119 \u012freng\u0117 vokie\u010di\u0173 okupacin\u0117 vald\u017eia. Lietuvos elektros pramon\u0117s raid\u0105, taip pat ir Marijampol\u0117s, labai i\u0161samiai i\u0161nagrin\u0117jo Stasys Bilys -in\u017einierius, energetikos veteranas, tad prie tos istorijos galima prid\u0117ti tik vien\u0105 kit\u0105 \u012fdomesn\u012f \u0161imtme\u010dio senumo fakt\u0105.<\/p>\n\n\n\n<p>1918 m. pabaigoje politin\u0117 pad\u0117tis klost\u0117si taip, kad Vokietijos kariuomen\u0117 &nbsp;ruo\u0161\u0117si trauktis i\u0161 Lietuvos, o kartu ketino i\u0161sive\u017eti ir vis\u0105 savo turt\u0105, tame tarpe ir labai svarbi\u0105 Marijampolei elektrin\u0119 tuomet vadinta elektros stotimi.&nbsp; Laikinosios miesto Tarybos delegacija lank\u0117si pas vokie\u010di\u0173 apskrities vir\u0161inink\u0105 (Kreishauptman\u0105)<\/p>\n\n\n\n<p>ir komendant\u016broje, kur paai\u0161k\u0117jo, kad vokie\u010diai atsisako perduoti Lietuvai elektros stot\u012f ai\u0161kindami, kad visos ma\u0161inos ir med\u017eiagos atsigabentos i\u0161 Vokietijos ir Lietuvoje nieko nepaliksi\u0105, jei&nbsp; grynieji pinigai nebus sumok\u0117ti iki 1918 m. gruod\u017eio 20 d. 12 valandos. Miesto taryba susisiek\u0117 su besikurian\u010dios&nbsp; Lietuvos centrin\u0117s vald\u017eios atstovais. Sulaukta atsakymo, kad sustabdyti i\u0161ve\u017eim\u0105 ginklu yra negalima. Tuomet Taryba nusprendusi stot\u012f i\u0161pirkti ir 1918 m. gruod\u017eio 17 d. su vokie\u010di\u0173 vald\u017eia pasira\u0161\u0117 sutart\u012f elektrin\u0117s pirkimui. Laikinoji miesto Taryba l\u0117\u0161\u0173 pirkiniui netur\u0117jo, tad pasi\u016bl\u0117&nbsp; gyventojams iki gruod\u017eio 20 d. surinkti pinigus ir suk\u016brus kooperatyv\u0105 ( balsuojant Taryboje: u\u017e kooperatyvo steigim\u0105 buvo 13, o u\u017e tai, kad elektrin\u0119 pirkt\u0173 miesto Taryba \u2013 3 balsai), \u012fsigyti vis\u0105 reikaling\u0105 turt\u0105: elektros stot\u012f sudar\u0117 tinklas, ma\u017ea dinamo ma\u0161ina ir&nbsp; vokie\u010di\u0173&nbsp; i\u0161 privataus asmens paimtas lokomobilis (v\u0117liau jam buvo gra\u017eintas) (Lokomobilis- kilnojama ma\u0161ina, sudaryta i\u0161 garo katilo, st\u016bmoklinio garo variklio ir pagalbini\u0173 \u012frengini\u0173). Reikalingus pinigus elektrinei pirkti &nbsp;surinko \u201e\u0160viesos\u201c kooperatyvo nariai- 392 miesto gyventojai. U\u017e elektrin\u0119 vokie\u010diams buvo sumok\u0117ta &nbsp;29 t\u016bkstan\u010dius marki\u0173.<\/p>\n\n\n\n<p>Viskas vyko kaip ir planavo miestie\u010diai bei j\u0173 i\u0161rinkta miesto Taryba, kooperatyvas r\u016bpinosi elektrin\u0117s darbu, jos atnaujinimu, daug investuodamas \u012f naujus mechanizmus, bet 1920 m. spalio 23 d. Marijampol\u0117s kooperatyvo \u201e\u0160viesa\u201cvaldyb\u0105 pasiek\u0117 prie \u017dem\u0117s \u016bkio ir valstyb\u0117s turt\u0173 ministerijos veikusios Laikinosios komisijos patikrinti kontraktus ir sutartis ( toks pilnas jos pavadinimas) rugpj\u016b\u010dio 27 d. sprendimas. \u0160iame sprendime ra\u0161oma \u201e<em>elektros stotis su visomis ma\u0161inomis ir \u012ftaisymais nusavinta ir paimta prekybos ir pramon\u0117s ministerijos \u017einion<\/em>\u201c. Min\u0117ta Laikinoji komisija &nbsp;pripa\u017eino elektrin\u0117s pirkim\u0105 neteis\u0117tu, nes \u201e<em>nupirkta i\u0161 vokie\u010di\u0173 pasibaigus okupacijai ir neprane\u0161ta Lietuvos vald\u017eiai<\/em>.\u201c Tas sprendimas buvo gana keistas ir prastai argumentuotas, nors komisijoje dirbo kompetetingi \u017emon\u0117s: Mi\u0161k\u0173 departamento direktorius Povilas Matulionis, Vyriausiojo tribunolo narys Augustinas Janulaitis, Finans\u0173 prekybos ir pramon\u0117s ministerijos atstovas juriskonsultas Antanas Ignas Darevskis Veryha, kaip ekspertas \u012f komisij\u0105 pakviestas in\u017einierius Petras Narutavi\u010dius. Analogi\u0161kus \u0161ios komisijos sprendimus gavo ir kitos miest\u0173 valdybos, pavyzd\u017eiui \u0160aki\u0173 miesto bendrov\u0117 \u201eVienyb\u0117\u201c.<\/p>\n\n\n\n<p>Tik gavus Laikinosios komisijos sprendim\u0105, t\u0105 pa\u010di\u0105 dien\u0105 1920 m. spalio 23 d.&nbsp; \u012fvyko \u201e\u0160viesos\u201c kooperatyvo nepaprastasis pos\u0117dis kuriame dalyvavo visi valdybos nariai: A. Krasauskas, J.Kaplanas, Sidoras, P.Finkas, Zlotnickis, M. Bur\u0161teinas, Br. Sirutis ir revizijos komisijos nariai: Natkevi\u010dius ir Plotkinas. Aptardami per in\u017einieri\u0173 Radzevi\u010di\u0173 gauta i\u0161trauk\u0105 i\u0161 Laikinosios komisijos protokolo apie elektrin\u0117s turto nusavinim\u0105 marijampolie\u010di\u0173 kooperatyvo valdyba i\u0161d\u0117st\u0117 savo argumentus: 1. Stotis perimta dar esant okupacinei vald\u017eiai ir tuo laiku Lietuvos laikinosios vald\u017eios draudimo \u012fsigyti kok\u012f nors buvus\u012f vokie\u010di\u0173 turt\u0105 nebuvo. 2. Lokomobil\u012f ir dinamo ma\u0161in\u0105 kooperatyvas pirko i\u0161 priva\u010di\u0173 pilie\u010di\u0173 ir prane\u0161ti vald\u017eiai apie tok\u012f sandor\u012f nereik\u0117jo. 3. Elektros stotis ir nupirktos ma\u0161inos naudojamos ne spekuliacijos tikslais. 4. Pirkt\u0173 ma\u0161in\u0173 taisymui kooperatyvas pirko daug nauj\u0173 dali\u0173, dar\u0117 kapitalin\u012f remont\u0105, \u012fd\u0117ta kapitalo i\u0161 paj\u0173 ir paskolos i\u0161 vis\u0173 abonent\u0173, kurie naudojasi elektros \u0161viesa. 5. Laikinoji komisija pri\u0117musi sprendim\u0105 nepakankamai buvo informuota apie kooperatyvo veikl\u0105.<\/p>\n\n\n\n<p>Vienbalsiai buvo nutarta elektros stoties neatiduoti be teismo, pra\u0161yti laikinosios komisijos byl\u0105 per\u017ei\u016br\u0117ti pakvietus kooperatyvo atstovus, apie tai prane\u0161ti miesto valdybai, taip pat kreiptis \u012f Steigiamojo seimo atstovus, bei \u012f Ministeri\u0173 kabinet\u0105. Taip pat nutarta spalio 28 d. su\u0161aukti visuotin\u012f kooperatyvo susirinkim\u0105.<\/p>\n\n\n\n<p>Kaip ir planuota- spalio 28 d. \u012fvyko visuotinis kooperatyvo nari\u0173 susirinkimas. Prad\u017eioje jame dalyvavo 85 nariai, bet v\u0117liau, iki 6 valandos, j\u0173 susirinko per 150. Susirinkimas patvirtino kooperatyvo valdybos sprendim\u0105- pripa\u017eino neteis\u0117tu elektrin\u0117s nusavinim\u0105.<\/p>\n\n\n\n<p>\u010cia konstatuota, kad 1919 m.bir\u017eelio 19 d. i\u0161 Sandovskio pirktas lokomobilis&nbsp; Badenia u\u017e 30 t\u016bks, o 1919 m. gruod\u017eio 3 d. i\u0161 Jurgio Brazio ir Juozo Bli\u016bd\u017eiaus pirkta dinamo ma\u0161ina firmos Siemens- Schukert &nbsp;440 volt\u0173, 42 kw u\u017e 30 t\u016bks auksin\u012f. \u012edomus suvalkieti\u0161ko verslumo pavyzdys: J.Brazys ir J.Bli\u016bd\u017eius (i\u0161 Tarpu\u010di\u0173) nusipirko dinamo ma\u0161in\u0105 i\u0161 kaunie\u010dio \u201emeisterio-mal\u016bninko\u201c Jono Kanclerio, kuris tur\u0117jo ka\u017ekoki\u0173 ry\u0161i\u0173 su vokie\u010di\u0173 kari\u0161kiais ir gavo \u0161i\u0105 ma\u0161in\u0105 i\u0161 Ceppelino angar\u0173 Kaune. Nusipirk\u0119 \u0161i\u0105 ma\u0161in\u0105 suvalkie\u010diai papra\u0161\u0117 j\u0105 \u012fvertinti in\u017einieriaus A. Rinkevi\u010diaus. Pastarasis ap\u017ei\u016br\u0117jo, gerai \u012fvertino jos technin\u012f stov\u012f ir sura\u0161\u0117 ap\u017ei\u016bros akt\u0105. &nbsp;<\/p>\n\n\n\n<p>Dar ilgai vyko gin\u010dai \u012fvairiose institucijose. Vienas paskutini\u0173j\u0173 t\u0173 gin\u010di\u0173 etap\u0173 -1924 m. gegu\u017e\u0117s 31 d. ministeri\u0173 kabineto kanceliarijoje u\u017eregistruotas Marijampol\u0117s kooperatyvo \u201e\u0160viesa\u201c valdybos pra\u0161ymas. D\u0117stoma apie 1920 spalio 23 d.nutarim\u0105 nusavinti turt\u0105 ir prane\u0161a, kad 1920 m.lapkri\u010dio 3 d. valdyba siunt\u0117 pa\u0161tu (per laikin\u0105j\u0105 komisij\u0105) ministeri\u0173 kabinetui skund\u0105 apie to sprendimo panaikinim\u0105. Su\u017einota, kad skundas yra ding\u0119s ir nei\u0161sprestas, tad jis su dokument\u0173 kopijomis siun\u010diamas pakartotinai.<\/p>\n\n\n\n<p>&nbsp;&nbsp;Marijampolie\u010diai v\u0117l pademonstravo savo geriausias savybes \u016bki\u0161kum\u0105, u\u017esispyrim\u0105, i\u0161pr\u016bsim\u0105 ir nuosavyb\u0119 atgavo.<\/p>\n","protected":false},"excerpt":{"rendered":"<p>Be elektros dabar sunkiai \u012fsivaizduotum\u0117m savo gyvenim\u0105. Elektra, tai ne tik \u0161viesa, bet kaip energetikai sako- gamykl\u0173 duona. Miesto gyventojai pirm\u0105 kart\u0105 pamat\u0117 \u0161vie\u010dian\u010di\u0105 lemput\u0119 Marijampol\u0117je tik 1916 metais, kai mieste elektrin\u0119 \u012freng\u0117 vokie\u010di\u0173 okupacin\u0117 vald\u017eia. Lietuvos elektros pramon\u0117s raid\u0105, taip pat ir Marijampol\u0117s, labai i\u0161samiai i\u0161nagrin\u0117jo Stasys Bilys -in\u017einierius, energetikos veteranas, tad prie tos &hellip; <\/p>\n","protected":false},"author":1,"featured_media":0,"parent":0,"menu_order":0,"comment_status":"closed","ping_status":"closed","template":"","meta":{"om_disable_all_campaigns":false,"_monsterinsights_skip_tracking":false,"_monsterinsights_sitenote_active":false,"_monsterinsights_sitenote_note":"","_monsterinsights_sitenote_category":0},"_links":{"self":[{"href":"https:\/\/urbonavici.us\/index.php\/wp-json\/wp\/v2\/pages\/96"}],"collection":[{"href":"https:\/\/urbonavici.us\/index.php\/wp-json\/wp\/v2\/pages"}],"about":[{"href":"https:\/\/urbonavici.us\/index.php\/wp-json\/wp\/v2\/types\/page"}],"author":[{"embeddable":true,"href":"https:\/\/urbonavici.us\/index.php\/wp-json\/wp\/v2\/users\/1"}],"replies":[{"embeddable":true,"href":"https:\/\/urbonavici.us\/index.php\/wp-json\/wp\/v2\/comments?post=96"}],"version-history":[{"count":1,"href":"https:\/\/urbonavici.us\/index.php\/wp-json\/wp\/v2\/pages\/96\/revisions"}],"predecessor-version":[{"id":97,"href":"https:\/\/urbonavici.us\/index.php\/wp-json\/wp\/v2\/pages\/96\/revisions\/97"}],"wp:attachment":[{"href":"https:\/\/urbonavici.us\/index.php\/wp-json\/wp\/v2\/media?parent=96"}],"curies":[{"name":"wp","href":"https:\/\/api.w.org\/{rel}","templated":true}]}}