{"id":58,"date":"2021-05-05T12:58:55","date_gmt":"2021-05-05T12:58:55","guid":{"rendered":"http:\/\/urbonavici.us\/?page_id=58"},"modified":"2021-05-05T12:58:56","modified_gmt":"2021-05-05T12:58:56","slug":"marijampoles-miesto-savivaldos-kurimasis-1918-metu-pabaigoje","status":"publish","type":"page","link":"https:\/\/urbonavici.us\/index.php\/marijampoles-miesto-savivaldos-kurimasis-1918-metu-pabaigoje\/","title":{"rendered":"MARIJAMPOL\u0116S MIESTO SAVIVALDOS K\u016aRIMASIS 1918 MET\u0172 PABAIGOJE"},"content":{"rendered":"\n<hr class=\"wp-block-separator\"\/>\n\n\n\n<figure class=\"wp-block-image is-resized\"><img loading=\"lazy\" src=\"https:\/\/lh4.googleusercontent.com\/v6RgfWuQmN-1-KsC5a4mVAPPxrN9UjbWHQlWI6IwsuHJEYNeABBWb9Uwx5WLGTQbiDaGlYm1ePi56NgY0BUewCwkhNBqd83sKC30oocBw3l1Hu4h3gw2XGu1Iz9af-8h0oAkRFT0\" alt=\"\" width=\"777\" height=\"453\"\/><\/figure>\n\n\n\n<p>Vietos savivalda yra vienas pagrindini\u0173 bet kokios demokratijos element\u0173. Visuomen\u0117s valdymas yra demokrati\u0161kesnis, jei sprendimus priima ar\u010diau gyventoj\u0173 esanti vald\u017eia nei labiau nutolusi centrin\u0117. 1918 m. vasario 16-ja paskelbus apie Lietuvos valstyb\u0117s atstatym\u0105 i\u0161kart i\u0161kilo klausymas ar pavyks t\u0105 vald\u017ei\u0105 \u012ftvirtinti. Vienas svarbiausi\u0173 u\u017edavini\u0173 \u012ftvirtinant vald\u017ei\u0105 ir buvo realiai perimti vietose reikalus \u012f savo rankas, pakei\u010diant svetimus pareig\u016bnus savais i\u0161 savo tarpo, ir ne paskirtais, o i\u0161sirinktais demokrati\u0161kai. Netr\u016bko abejojan\u010di\u0173, ar lietuviai sugeb\u0117s tvarkytis netur\u0117dami patirties, i\u0161silavinusi\u0173 \u017emoni\u0173, kuri\u0173 nema\u017eai dar buvo negr\u012f\u017e\u0119 i\u0161 Rusijos. Prad\u017eia i\u0161 tikro buvo labai sunki, nes Vokietija pripa\u017eino Lietuvos valstyb\u0119 susaistyta \u012fvairi\u0173 konvencij\u0173 ir pavaldum\u0173 ry\u0161iais su Vokietija, net ir pirmoji laikinoji Lietuvos Vyriausyb\u0117, vadovaujama Augustino Valdemaro buvo sudaryta tik lapkri\u010dio 11 d. T\u0105 pa\u010di\u0105 dien\u0105 Vyriausyb\u0117 atsi\u0161aukimu paragino gyventojus kurti vietos vald\u017ei\u0105 ir tam suteik\u0117 daug laisvi\u0173 vietinei iniciatyvai. Tuo metu jokio norminio akto, reglamentuojan\u010dio vietos vald\u017eios sudaryma, nebuvo. Toks dokumentas- aplinkra\u0161tis, pasirod\u0117 tik gruod\u017eio 17 d. Daugumoje miest\u0173 jau buvo vienokiu ar kitokiu b\u016bdu i\u0161rinktos savivaldyb\u0117s (laikinosios tarybos). Marijampol\u0117je jau lapkri\u010dio 11 d. buvo su\u0161auktas miesto gyventoj\u0173 susirinkimas, o po to, vos ne kasdien, aik\u0161t\u0117se, sal\u0117se vyko susirinkimai, mitingai, pasitarimai. Po truputi prad\u0117ta formuoti Laikinoji Taryba, prad\u017eioje i\u0161 12, v\u0117liau 18, ar 20, 30 nari\u0173. Pirmiausiai imtasi spr\u0119sti santyki\u0173 su vokie\u010di\u0173 vald\u017eia reikalus, tam buvo sudaryta speciali komisija. Lapkri\u010dio 18 d., sekmadien\u012f, Naujojoje rinkoje susirink\u0119 miestie\u010diai prad\u0117jo formuoti Laikin\u0105j\u0105 taryb\u0105, \u010dia nuspr\u0119sta \u201e L. Miesto Tarybai pareiga u\u017ededama r\u016bpintis visais miesto reikalais, kaip apsauga, maistu, neturting\u0173 ir darbinink\u0173 reikalai ir t.t.be to kuogrei\u010diausiai sudaryti demokratingus rinkimus \u012f pastovi\u0105 miesto taryb\u0105.\u201c Tuomet i\u0161kelti 28 kandidatai. Archyve saugomi Laikinosios miesto Tarybos protokolai ir pirmasis j\u0173, Marijampol\u0117s gyventoj\u0173 susirinkimo Naujojoje rinkoje lapkri\u010dio 18 d. protokolas pasira\u0161ytas Eliziejaus Draugelio ir Antano Matulai\u010dio. Apie ankstesnius ir pastar\u0105j\u012f susirinkimus savaitra\u0161tyje \u201eT\u0117vyn\u0117s sargas\u201c 1918 m. gruod\u017eio 5 d. Nr. 41 pilietis pasivadin\u0119s A. Maitis para\u0161\u0117 \u201eMarijampol\u0117je bendruose susirinkimuose buvo nuspr\u0119sta laikinojoje miesto taryboje lietuviams skirti 18 viet\u0173 (60%), \u017eydams 9 (30%), vokie\u010diams 2 (8%) ir \u201ekit\u0173 taut\u0173\u201c- 1 (2%)\u2026Laikinoji Miesto Taryba jau prad\u0117jo veikti.\u201c Kit\u0105 dien\u0105 Babarskio sal\u0117je i\u0161 28 kandidat\u0173 i\u0161rinkta 21 \u017emogaus Taryba, tarp j\u0173 buvo advokatas Antanas Krasauskas, daktaras Eliziejus Draugelis, Juozas Sirutis (b\u016bsimasis burmistras), mokytojas Zaskevi\u010dius, Adomas Prostko, Vladas Kulikauskas ir kiti. \u017dydai tur\u0117jo parinkti savo bendruomen\u0117s atstovus per dvi dienas. Lapkri\u010dio 20 d. Laikinosio Tarybos pos\u0117dyje jau dalyvavo ir \u017eyd\u0173 atstovai. Buvo i\u0161rinktas prezidiumas. Sudarytos septynios komisijos: maisto, statistikos ir demokratini\u0173 rinkim\u0173, apsaugos, finans\u0173, kuro ir \u0161viesos, sanitarijos, but\u0173, tiems reikalams spresti.<\/p>\n\n\n\n<p>Miest\u0173 rinkimai beveik visur vyko pagal vietos visuomen\u0117s parengtas rinkim\u0173 taisykles, d\u0117l to kiekviename mieste ta tvarka skyr\u0117si. Marijampol\u0117s miesto taryba rinkta pagal proporcin\u0119 sistem\u0105, i\u0161keliant kandidatus pagal s\u0105ra\u0161us.<\/p>\n\n\n\n<p>Laikinoji Taryba pareng\u0117 rinkim\u0173 \u012f nuolatin\u0119 Taryb\u0105 tvark\u0105 ir dat\u0105. Rinkimai buvo numatyti gruod\u017eio 10 d. Nustatytos trys miesto rinkimin\u0117s apylink\u0117s ir balsavimo vietos: kinematografijos sal\u0117je Var\u0161uvos gatv\u0117je Nr.3, \u201eBlaivyb\u0117s\u201c draugijos sal\u0117je, Liudvinavo g. 6 ir Babarskio sal\u0117je Senoji Rinka 2. Kandidat\u0173 s\u0105ra\u0161ai Vyriausiajai rinkim\u0173 komisijai tur\u0117jo b\u016bti pateikti iki gruod\u017eio 6 d. Buvo nuspr\u0119sta, kad nauj\u0105j\u0105 Taryb\u0105 sudarys 23 nariai. Rinkimuose tur\u0117jo dalyvauti septyni s\u0105ra\u0161ai: Darbo \u017emoni\u0173 krik\u0161\u010dioni\u0173, Darbinink\u0173 bepartyvi\u0173, Vokie\u010di\u0173(Liberal\u0173), \u017dyd\u0173 sionist\u0173 partija (De\u0161inieji), \u017dyd\u0173 socialdemokrat\u0173 (Bundo), \u201eLaisv\u0117s ir \u017eem\u0117s\u201c(kairieji eserai), \u201eMiesto darbinink\u0173\u201c (komunist\u0173). Pastarosios dvi partijos savo s\u0105ra\u0161us atsi\u0117m\u0117 prie\u0161 pat rinkimus ir juose nedalyvavo. Rinkimai \u012fvyko gruod\u017eio 10 d.ir vyriausioji rinkim\u0173 komisija suskai\u010diavo balsus kuri\u0173 buvo viso 2491. Rinkimuose gal\u0117jo dalyvauti miesto (kartu su Degu\u010diais ir Tarpu\u010diais) vyrai ir moterys sulauk\u0119 20 met\u0173 ir turintys pasus ar kit\u0105 asmens dokument\u0105. ( Kiek gyventoj\u0173 Marijampol\u0117 tur\u0117jo 1918 met\u0173 pabaigoje n\u0117ra tiksliai \u017einoma, ta\u010diau sekan\u010diais metais t.y. 1919 m. Vidaus reikal\u0173 ministerijos ra\u0161te ra\u0161oma \u010dia gyvenus 6373 \u017emones) I\u0161 Darbo \u017emoni\u0173 krik\u0161\u010dioni\u0173 s\u0105ra\u0161o buvo i\u0161rinka 12, \u017dyd\u0173 bundo- 1, ( atsisak\u0117 vietos per pirm\u0105 pos\u0117d\u012f) Darbinink\u0173 bepartyvi\u0173-1, Vokie\u010di\u0173 -2 ir \u017eyd\u0173 (sion)- 8. Manoma, kad naujoji nuolatin\u0117 Taryba prad\u0117jo darb\u0105 gruod\u017eio 20 d.<\/p>\n\n\n\n<p>Knygose ir straipsniuose apie savivald\u0105 ir burmistrus galima rasti skirting\u0105 informacij\u0105 apie pirm\u0105j\u012f Marijampol\u0117s burmistr\u0105: vienur ra\u0161oma, kad tai Juozas Sirutis (kartais Bronius Sirutis ?), kitur- Eliziejus Draugelis. Marijampol\u0117s miesto savivaldyb\u0117s dokumentuose yra \u012frodym\u0173, \u012fra\u0161\u0173 kad b\u016btent E. Draugelis \u012fvardinamas burmistru: \u201eMiesto valdyba liudija, kad D-ras Draugelis El. nuo 1918 m. lapkri\u010dio m.buvo i\u0161rinktas laikinosios Marijampol\u0117s m. Tarybos prezidiumo Pirmininku tas pareigas \u0117jo iki 1919 m. kovo 23 d. Prezidiumo Pirmininkas buvo laikomas kaipo miesto Burmistru\u201c<\/p>\n\n\n\n<p>Kita vertus, 1919 m. kovo 23 d. miesto Tarybos pos\u0117dyje Juozas Sirutis buvo \u201ei\u0161rinktas pirmininku m. Tarybos ir vykdomojo komiteto\u201c, tad ne pareig\u0173 pavadinime esm\u0117: abu dirbo miestui ir miestie\u010diams<\/p>\n","protected":false},"excerpt":{"rendered":"<p>Vietos savivalda yra vienas pagrindini\u0173 bet kokios demokratijos element\u0173. Visuomen\u0117s valdymas yra demokrati\u0161kesnis, jei sprendimus priima ar\u010diau gyventoj\u0173 esanti vald\u017eia nei labiau nutolusi centrin\u0117. 1918 m. vasario 16-ja paskelbus apie Lietuvos valstyb\u0117s atstatym\u0105 i\u0161kart i\u0161kilo klausymas ar pavyks t\u0105 vald\u017ei\u0105 \u012ftvirtinti. Vienas svarbiausi\u0173 u\u017edavini\u0173 \u012ftvirtinant vald\u017ei\u0105 ir buvo realiai perimti vietose reikalus \u012f savo rankas, &hellip; <\/p>\n","protected":false},"author":1,"featured_media":0,"parent":0,"menu_order":0,"comment_status":"closed","ping_status":"closed","template":"","meta":{"om_disable_all_campaigns":false,"_monsterinsights_skip_tracking":false,"_monsterinsights_sitenote_active":false,"_monsterinsights_sitenote_note":"","_monsterinsights_sitenote_category":0},"_links":{"self":[{"href":"https:\/\/urbonavici.us\/index.php\/wp-json\/wp\/v2\/pages\/58"}],"collection":[{"href":"https:\/\/urbonavici.us\/index.php\/wp-json\/wp\/v2\/pages"}],"about":[{"href":"https:\/\/urbonavici.us\/index.php\/wp-json\/wp\/v2\/types\/page"}],"author":[{"embeddable":true,"href":"https:\/\/urbonavici.us\/index.php\/wp-json\/wp\/v2\/users\/1"}],"replies":[{"embeddable":true,"href":"https:\/\/urbonavici.us\/index.php\/wp-json\/wp\/v2\/comments?post=58"}],"version-history":[{"count":1,"href":"https:\/\/urbonavici.us\/index.php\/wp-json\/wp\/v2\/pages\/58\/revisions"}],"predecessor-version":[{"id":59,"href":"https:\/\/urbonavici.us\/index.php\/wp-json\/wp\/v2\/pages\/58\/revisions\/59"}],"wp:attachment":[{"href":"https:\/\/urbonavici.us\/index.php\/wp-json\/wp\/v2\/media?parent=58"}],"curies":[{"name":"wp","href":"https:\/\/api.w.org\/{rel}","templated":true}]}}