{"id":34,"date":"2021-05-05T12:47:58","date_gmt":"2021-05-05T12:47:58","guid":{"rendered":"http:\/\/urbonavici.us\/?page_id=34"},"modified":"2021-05-05T12:47:59","modified_gmt":"2021-05-05T12:47:59","slug":"1919-metu-marijampoles-miesto-gyvenimo-fragmentai","status":"publish","type":"page","link":"https:\/\/urbonavici.us\/index.php\/1919-metu-marijampoles-miesto-gyvenimo-fragmentai\/","title":{"rendered":"1919 met\u0173 Marijampol\u0117s miesto gyvenimo fragmentai"},"content":{"rendered":"\n<hr class=\"wp-block-separator\"\/>\n\n\n\n<p>1919 metai Lietuvai buvo kriti\u0161ki: Laikinoji vyriausyb\u0117 buvo priversta apleisti Vilni\u0173 ir keltis \u012f Kaun\u0105, pavoj\u0173 k\u0117l\u0117 bol\u0161evik\u0173 ordos, lenkai, o ir vokie\u010diai pralaim\u0117j\u0119 kar\u0105 i\u0161 Lietuvos trauk\u0117si vangiai. Ne tik Laikinojoje sostin\u0117je, bet ir miestuose, vals\u010diuose reik\u0117jo kurti administracijos aparat\u0105, r\u016bpintis gyvybiniais gyventoj\u0173 poreikiais: pilie\u010di\u0173 saugumu, j\u0173 vaik\u0173 ateitimi, maitinimu, \u0161iluma ir daugyb\u0119 kit\u0173 neatideliotin\u0173 svarbi\u0173 dalyk\u0173.<\/p>\n\n\n\n<p>&nbsp;&nbsp;&nbsp;&nbsp;&nbsp;&nbsp;&nbsp;&nbsp;&nbsp;&nbsp;&nbsp;&nbsp;&nbsp; Kaip visame kra\u0161te, taip ir Marijampol\u0117s mieste, pirmomis 1919 met\u0173 dienomis teko r\u016bpintis karo, \u0161alies gynybos reikalais. \u012e kariuomen\u0119 buvo pa\u0161aukti vyrai gim\u0119 1897 ir 1898 metais t.y. tie \u0161auktiniai kuriems 1919 m. sausio 1 dien\u0105 su\u0117jo 20 ir 21 metai. Ta\u010diau to nepakako ir buvo pakviesti savanoriai. Taip sausio m\u0117nes\u012f \u012f besikurian\u010di\u0105 Lietuvos kariuomen\u0119 i\u0161\u0117jo dauguma \u201e\u017diburio\u201c gimnazijos vyresni\u0173j\u0173 klasi\u0173 moksleivi\u0173. 1919 m. prad\u017eioje Vokietijos kariuomen\u0117s dalinys i\u0161sikraust\u0117 i\u0161 Marijampol\u0117s kareivini\u0173, kur buvo prad\u0117tas formuoti Lietuvos kariuomen\u0117s atsargos batalionas. Taip sutapo, kad b\u016bsimasis generolas leitenantas <strong>Konstantinas \u017dukas<\/strong> karo tarnyb\u0105 nuo 1919 m. vasario 13 d. prad\u0117jo Marijampol\u0117je, prad\u017eioje 1-jame p\u0117stinink\u0173 pulke ry\u0161i\u0173 komandos vir\u0161ininku, o nuo baland\u017eio 15 d.- I&nbsp; atsargos bataliono vadu. K. \u017dukas savo atsiminimuose apra\u0161o \u012fdomi\u0173 fakt\u0173 i\u0161 to laikotarpio Marijampol\u0117s pvz. u\u017e lietuvi\u0173 karinink\u0173 asmenines l\u0117\u0161as perkamus ginklus i\u0161 vokie\u010di\u0173 kareivi\u0173, kai kuri\u0173 naujok\u0173 \u201ei\u0161sipirkim\u0105\u201c i\u0161 karin\u0117s tarnybos ir pan.MajorasK. \u017dukas tais pa\u010diai metais buvo lenk\u0173 fronto vadasSuvalkijoje ir da\u017enai jam tekdavo tvarkyti ne tik karinius, bet ir reikalus susijusius su marijampolie\u010di\u0173 problemomis.&nbsp; Nepriklausomyb\u0117s kov\u0173 dalyvis, daug nusipeln\u0119s Lietuvai majoras<strong> Jonas Motiej\u016bnas Valevi\u010dius<\/strong> 1919 m. buvo Marijampol\u0117s karo komendantu. J\u012f perk\u0117lus tarnybon&nbsp; kitur, \u012f komendanto pareigas nuo kovo 1 d. paskirtas tik k\u0105 baig\u0119s karinink\u0173 kursus <strong>Kazys Sku\u010das<\/strong>, (b\u016bsimasis generolas, paskutinysis Lietuvos vidaus reikal\u0173 ministras, su\u0161audytas Maskvoje 1941 m. liepos 30 d. )&nbsp; Toki\u0173 dr\u0105si\u0173 ir i\u0161minting\u0173 vyr\u0173 vadovaujama kariuomen\u0117 sustipr\u0117jo ir nors skurd\u017eiai apginkluota stojusi \u012f kov\u0105 su gausesniu prie\u0161u sugeb\u0117jo atsilaikyti.<\/p>\n\n\n\n<p>Marijampol\u0117s miesto (tuomet \u010dia buvo 6373 gyventojai) savivaldyb\u0117s Tarybai ir pirmajam burmistrui Eliziejui Draugeliui tomis dienomis taip pat r\u016bpes\u010di\u0173 pakako. Jau pirmomis sausio dienomis teko spresti miestie\u010di\u0173 apsaugos, mokykl\u0173 ir mokytoj\u0173 apr\u016bpinimo, maisto, ligonin\u0117s, skerdyklos, nuo karo nukent\u0117jusi\u0173 ir skurstan\u010di\u0173 bei kitus reikalus. Labai aktual\u016bs buvo finansiniai, mokes\u010di\u0173 surinkimo klausimai, tod\u0117l krautuvi\u0173 savininkai iki sausio 10 d. tur\u0117jo \u012fsigyti patentus, i\u0161nuomota miesto skerdykla. Sura\u0161yti s\u0105ra\u0161ai nukent\u0117jusi\u0173 nuo vokie\u010di\u0173 ir nuo rus\u0173 kariuomeni\u0173 karo metu, nuspresta apr\u016bpinti a\u0161tuonis milicininkus butais, \u0161viesa t.y. elektra. Nutarta inventorizuoti kiek miestas turi \u017eem\u0117s ir ar yra galimyb\u0117 Kvieti\u0161kio dvare ar Mikalin\u0117je pasodinti bulvi\u0173 miesto varguoliams.<\/p>\n\n\n\n<p>Palaipsniui prad\u0117davo darbus naujos \u012fstaigos pvz.&nbsp; Marijampol\u0117s pa\u0161to kontora sausio 5 d. prane\u0161\u0117 miesto vald\u017eiai, kad ji jau dirba nuo sausio 4 d., \u012fsik\u016brusi Pon\u0173 gatv\u0117je 28 ir pra\u0161oma apie tai informuoti gyventojus.<\/p>\n\n\n\n<p>Met\u0173 prad\u017eioje Adomas Dundzila ir Bronius Sirutis atidar\u0117 j\u0173 \u012fk\u016brtos prekybos bendrov\u0117s \u201eDirva\u201c galanterijos, knyg\u0173, ra\u0161om\u0173j\u0173 daikt\u0173 krautuv\u0119 prie Rink\u0173 gatv\u0117s (\u201e\u017dagr\u0117s\u201c namas) (J. Basanavi\u010diaus aik\u0161t\u0117s 14 name). Bendrov\u0117s spaustuv\u0117 buvo P. Kriau\u010di\u016bno gatv\u0117je. 1919 met\u0173 vasar\u0105 \u012fsigyta rankomis sukama spausdinimo ma\u0161ina, Vokietijoje nupirkta lietuvi\u0161ko \u0161rifto (raid\u017ei\u0173). Pirmasis leidinys \u2013dailininko A. Aleksandravi\u010diaus parengtas vadov\u0117lis \u201e Brai\u017ein\u0117liai ir pie\u0161in\u0117liai\u201c&nbsp; \u2013 buvo i\u0161leistas 1919 m. spalio m\u0117nes\u012f. 1919 m. ir Vargdieni\u0173 seser\u0173 vienuolynas \u012fk\u016br\u0117 \u201e\u0160e\u0161up\u0117s\u201c spaustuv\u0119 ir knygyn\u0105. Mieste prad\u0117ti leisti \u012fvairi\u0173 organizacij\u0173 laikra\u0161\u010diai ir \u017eurnalai: \u201ePavasario balsas\u201c, \u201eJaunimo\u201c , \u201eBera\u0161tis\u201c , \u201eAu\u0161rin\u0117\u201c, \u201eBezm\u0117nas\u201c<\/p>\n\n\n\n<p>Kovo 23 d. miesto Tarybos pos\u0117dyje, i\u0161vykus \u012f Kaun\u0105 E. Draugeliui, Tarybos ir Vykdomojo komiteto pirmininku (burmistru) buvo i\u0161rinktas Juozas Sirutis (\u0161iose pareigose dirbo iki 1920 m. sausio 14 d.). Ir toliau sprend\u017eiami neatideliotini miestui svarb\u016bs klausimai pvz. ugniagesi\u0173 reikalai. Prane\u0161ta, kad vokie\u010diai u\u017e ugniagesiams reikaling\u0105 \u012frang\u0105 pra\u0161o 300 marki\u0173. Ruo\u0161tasi miesto gyventoj\u0173 sura\u0161ymui perimant tas funkcijas i\u0161 vokie\u010di\u0173.&nbsp; Pilie\u010diui Pautieniui papra\u0161ius leidimo atidaryti kinematograf\u0105, ap\u017ei\u016br\u0117jus patalpas toks leidimas duotas u\u017e 400 rubli\u0173 mokest\u012f. Ta\u010diau l\u0117\u0161\u0173, matyt, pakako tik b\u016btiniausiems reikalams, nes Marijampol\u0117je kuriantis mokytoj\u0173 seminarijai ir \u0160vietimo ministerijai papra\u0161ius \u0161iam reikalui l\u0117\u0161\u0173 buvo atsakyta, kad <em>\u201e\u2026miesto savivaldyb\u0117 neturi joki\u0173 l\u0117\u0161\u0173 ir nemato \u0161altinio i\u0161 kurio ji gal\u0117t\u0173 gauti, pertai ji negali dabartiniu laiku pri\u017ead\u0117ti prisid\u0117ti prie \u012fkurimo mokytoj\u0173 seminarijos Marijampol\u0117je.\u201c<\/em><\/p>\n\n\n\n<p>Juozas Sirutis darbavosi Marijampol\u0117s miesto labui, ta\u010diau, matyt pad\u0117tis buvo tokia sud\u0117tinga, kad tuo pa\u010diu metu t.y. 1919 m. bir\u017eelio 30 d. Vidaus reikal\u0173 ministro \u012fsakymu jis buvo paskirtas Suvalk\u0173 miesto ir apskrities vir\u0161ininku. Jis kartu&nbsp; su paskirtuoju Suvalk\u0173 milicijos vadu Juozu Sadula milicij\u0105 organizavo ne Suvalkuose, o Marijampol\u0117je ir jau&nbsp; liepos 20 dien\u0105&nbsp; 90 eilini\u0173 bei 15 vyresni\u0173j\u0173 milicinink\u0173 su savo vadais pastot\u0117mis i\u0161va\u017eiavo \u012f Suvalkus. Atsitraukt teko kartu su komendant\u016bra, kai Lenkijos kariuomen\u0117 apsupo miest\u0105 rugpj\u016b\u010dio m\u0117nes\u012f.&nbsp;&nbsp;<\/p>\n\n\n\n<p>Miesto Tarybos protokoluose liko tik tokie su tais \u012fvykiai susij\u0119 \u012fra\u0161ai: 1919 m. liepos 2 d. \u201e<em>Sulyg pra\u0161ymo pirmininko Siru\u010dio paliuosuoti j\u012f nuo pareig\u0173 ant 3 dien\u0173\u201c<\/em>, o 1919 m. liepos 20 d. \u201e<em>Tarybos pirmininkas Sirutis pra\u0161\u0117, kad j\u012f Taryba m\u0117nes\u012f laiko skaityt\u0173 pirmininku, nors jis ir nebus Marijampol\u0117je<\/em>\u201c&nbsp;&nbsp;&nbsp;&nbsp;&nbsp;&nbsp;&nbsp;&nbsp;&nbsp;&nbsp;&nbsp;&nbsp;&nbsp; I\u0161 miesto tarybos protokol\u0173 galima pasteb\u0117ti, kad rudeniop gyventoj\u0173 maitinimo reikalai pager\u0117jo, radosi daugiau verslinink\u0173, amatinink\u0173, buvo padedama ir pab\u0117geliams, kuriems buvo skirtas atskiras namas, skiriamas maitinimas. Miesto i\u017ede taip pat buvo daugiau pinig\u0173. &nbsp;<\/p>\n","protected":false},"excerpt":{"rendered":"<p>1919 metai Lietuvai buvo kriti\u0161ki: Laikinoji vyriausyb\u0117 buvo priversta apleisti Vilni\u0173 ir keltis \u012f Kaun\u0105, pavoj\u0173 k\u0117l\u0117 bol\u0161evik\u0173 ordos, lenkai, o ir vokie\u010diai pralaim\u0117j\u0119 kar\u0105 i\u0161 Lietuvos trauk\u0117si vangiai. Ne tik Laikinojoje sostin\u0117je, bet ir miestuose, vals\u010diuose reik\u0117jo kurti administracijos aparat\u0105, r\u016bpintis gyvybiniais gyventoj\u0173 poreikiais: pilie\u010di\u0173 saugumu, j\u0173 vaik\u0173 ateitimi, maitinimu, \u0161iluma ir daugyb\u0119 kit\u0173 &hellip; <\/p>\n","protected":false},"author":1,"featured_media":0,"parent":0,"menu_order":0,"comment_status":"closed","ping_status":"closed","template":"","meta":{"om_disable_all_campaigns":false,"_monsterinsights_skip_tracking":false,"_monsterinsights_sitenote_active":false,"_monsterinsights_sitenote_note":"","_monsterinsights_sitenote_category":0},"_links":{"self":[{"href":"https:\/\/urbonavici.us\/index.php\/wp-json\/wp\/v2\/pages\/34"}],"collection":[{"href":"https:\/\/urbonavici.us\/index.php\/wp-json\/wp\/v2\/pages"}],"about":[{"href":"https:\/\/urbonavici.us\/index.php\/wp-json\/wp\/v2\/types\/page"}],"author":[{"embeddable":true,"href":"https:\/\/urbonavici.us\/index.php\/wp-json\/wp\/v2\/users\/1"}],"replies":[{"embeddable":true,"href":"https:\/\/urbonavici.us\/index.php\/wp-json\/wp\/v2\/comments?post=34"}],"version-history":[{"count":1,"href":"https:\/\/urbonavici.us\/index.php\/wp-json\/wp\/v2\/pages\/34\/revisions"}],"predecessor-version":[{"id":35,"href":"https:\/\/urbonavici.us\/index.php\/wp-json\/wp\/v2\/pages\/34\/revisions\/35"}],"wp:attachment":[{"href":"https:\/\/urbonavici.us\/index.php\/wp-json\/wp\/v2\/media?parent=34"}],"curies":[{"name":"wp","href":"https:\/\/api.w.org\/{rel}","templated":true}]}}